{"id":14215,"date":"2023-04-04T17:46:40","date_gmt":"2023-04-04T15:46:40","guid":{"rendered":"https:\/\/www.cinela.fr\/gammes-de-produits\/non%20class\u00e9\/cable-xlr5f-vers-2xbinder-3b-pour-pianissimo\/"},"modified":"2023-10-23T19:36:37","modified_gmt":"2023-10-23T17:36:37","slug":"cable-xlr5f-vers-2xbinder-3b-pour-pianissimo","status":"publish","type":"product","link":"https:\/\/www.cinela.fr\/fr\/gammes-de-produits\/bonnettes-pianissimo\/cable-xlr5f-vers-2xbinder-3b-pour-pianissimo\/","title":{"rendered":"C\u00e2ble XLR5F vers 2xBinder 3b pour Pianissimo"},"content":{"rendered":"<p>C\u00e2blage interm\u00e9diaire \u00e0 l&rsquo;int\u00e9rieur de la PIANISSIMO , par exemple dans le cas d&rsquo;une configuration en XY ou d&rsquo;un microphone MS monotube .<\/p>\n","protected":false},"excerpt":{"rendered":"C\u00e2blage interm\u00e9diaire \u00e0 l&rsquo;int\u00e9rieur de la PIANISSIMO , par exemple dans le cas d&rsquo;une configuration en XY ou d&rsquo;un microphone MS monotube .","protected":false},"featured_media":0,"template":"","meta":[],"product_brand":[],"product_cat":[141],"product_tag":[],"class_list":{"0":"post-14215","1":"product","2":"type-product","3":"status-publish","5":"product_cat-bonnettes-pianissimo","7":"first","8":"instock","9":"shipping-taxable","10":"product-type-simple"},"_links":{"self":[{"href":"https:\/\/www.cinela.fr\/fr\/wp-json\/wp\/v2\/product\/14215","targetHints":{"allow":["GET"]}}],"collection":[{"href":"https:\/\/www.cinela.fr\/fr\/wp-json\/wp\/v2\/product"}],"about":[{"href":"https:\/\/www.cinela.fr\/fr\/wp-json\/wp\/v2\/types\/product"}],"wp:attachment":[{"href":"https:\/\/www.cinela.fr\/fr\/wp-json\/wp\/v2\/media?parent=14215"}],"wp:term":[{"taxonomy":"product_brand","embeddable":true,"href":"https:\/\/www.cinela.fr\/fr\/wp-json\/wp\/v2\/product_brand?post=14215"},{"taxonomy":"product_cat","embeddable":true,"href":"https:\/\/www.cinela.fr\/fr\/wp-json\/wp\/v2\/product_cat?post=14215"},{"taxonomy":"product_tag","embeddable":true,"href":"https:\/\/www.cinela.fr\/fr\/wp-json\/wp\/v2\/product_tag?post=14215"}],"curies":[{"name":"wp","href":"https:\/\/api.w.org\/{rel}","templated":true}]}}