{"id":14229,"date":"2023-04-04T17:46:48","date_gmt":"2023-04-04T15:46:48","guid":{"rendered":"https:\/\/www.cinela.fr\/gammes-de-produits\/non%20class\u00e9\/pianissimo-xlr5-mkh8000-xy-tete-complete-xlr5\/"},"modified":"2025-10-12T20:44:09","modified_gmt":"2025-10-12T18:44:09","slug":"pianissimo-xlr5-mkh8000-xy-tete-complete-xlr5","status":"publish","type":"product","link":"https:\/\/www.cinela.fr\/fr\/gammes-de-produits\/bonnettes-pianissimo\/pianissimo-xlr5-mkh8000-xy-tete-complete-xlr5\/","title":{"rendered":"PIANISSIMO XLR5 (MKH8040 XY  T\u00eate compl\u00e8te XLR5)"},"content":{"rendered":"<p>Pour un couple MKH8040 (cardio\u00efde). XY co\u00efncident.<br \/>\nLes deux micros 8040 se vissent sur les connecteurs MZL (sans l&rsquo;adaptateur MZX en XLR).<\/p>\n<p>Le \u00ab\u00a0micro\u00a0\u00bb XY ainsi constitu\u00e9 peut \u00eatre utilis\u00e9 ind\u00e9pendamment (Sortie XLR5M)<\/p>\n<p>Rotule deux axes \u00ab\u00a0SW-2AX\u00a0\u00bb en standard. Voir la vid\u00e9o:<br \/>\n<a href=\"https:\/\/www.youtube.com\/watch?v=-wrzcO3qjbc\">https:\/\/www.youtube.com\/watch?v=-wrzcO3qjbc<\/a><\/p>\n<p>La PIANI-2-8000-XY-F se compose de :<\/p>\n<ul>\n<li>Cage principale et rotule deux axes<\/li>\n<li>Un module de suspension avec isolateurs crois\u00e9s (module PIA-OSIX6 d\u00e9di\u00e9 \u00e0 ce montage 8000 XY)  <\/li>\n<li>Un \u00ab\u00a0microphone XY\u00a0\u00bb compos\u00e9 d&rsquo;un support pour 2 connecteurs MZL en configuration XY d&rsquo;un c\u00f4t\u00e9 et d&rsquo;un XLR5M de l&rsquo;autre. Ensemble d\u00e9tachable<\/li>\n<li>Un ch\u00e2ssis Binder pour 2 x Binder d\u00e9tachables (PIANI-CAB-2-DB) et un c\u00e2ble XLR5F vers 2 connecteurs Binder M 3b.<\/li>\n<li>Tissu primaire 3D<\/li>\n<li>Fourrure : \u00e0 pr\u00e9ciser (FUR-LP : poils longs ; FUR-SP : poils courts)<\/li>\n<li>Coque de protection en polycarbonate<\/li>\n<\/ul>\n","protected":false},"excerpt":{"rendered":"Pour un couple MKH8040 (cardio\u00efde). XY co\u00efncident. Les deux micros 8040 se vissent sur les connecteurs MZL (sans l&rsquo;adaptateur MZX en XLR). Le \u00ab\u00a0micro\u00a0\u00bb XY ainsi constitu\u00e9 peut \u00eatre utilis\u00e9 ind\u00e9pendamment (Sortie XLR5M) Rotule deux axes \u00ab\u00a0SW-2AX\u00a0\u00bb en standard. Voir la vid\u00e9o: https:\/\/www.youtube.com\/watch?v=-wrzcO3qjbc La PIANI-2-8000-XY-F se compose de : Cage principale et rotule deux axes [&hellip;]","protected":false},"featured_media":0,"template":"","meta":[],"product_brand":[],"product_cat":[141],"product_tag":[],"class_list":{"0":"post-14229","1":"product","2":"type-product","3":"status-publish","5":"product_cat-bonnettes-pianissimo","7":"first","8":"instock","9":"shipping-taxable","10":"product-type-simple"},"_links":{"self":[{"href":"https:\/\/www.cinela.fr\/fr\/wp-json\/wp\/v2\/product\/14229","targetHints":{"allow":["GET"]}}],"collection":[{"href":"https:\/\/www.cinela.fr\/fr\/wp-json\/wp\/v2\/product"}],"about":[{"href":"https:\/\/www.cinela.fr\/fr\/wp-json\/wp\/v2\/types\/product"}],"wp:attachment":[{"href":"https:\/\/www.cinela.fr\/fr\/wp-json\/wp\/v2\/media?parent=14229"}],"wp:term":[{"taxonomy":"product_brand","embeddable":true,"href":"https:\/\/www.cinela.fr\/fr\/wp-json\/wp\/v2\/product_brand?post=14229"},{"taxonomy":"product_cat","embeddable":true,"href":"https:\/\/www.cinela.fr\/fr\/wp-json\/wp\/v2\/product_cat?post=14229"},{"taxonomy":"product_tag","embeddable":true,"href":"https:\/\/www.cinela.fr\/fr\/wp-json\/wp\/v2\/product_tag?post=14229"}],"curies":[{"name":"wp","href":"https:\/\/api.w.org\/{rel}","templated":true}]}}