{"id":14306,"date":"2023-04-14T23:37:38","date_gmt":"2023-04-14T21:37:38","guid":{"rendered":"https:\/\/www.cinela.fr\/gammes-de-produits\/non%20class\u00e9\/kit-cablage-ms-pour-piano-cmit-ccm8\/"},"modified":"2024-05-24T11:03:48","modified_gmt":"2024-05-24T09:03:48","slug":"kit-cablage-ms-pour-piano-cmit-ccm8","status":"publish","type":"product","link":"https:\/\/www.cinela.fr\/fr\/gammes-de-produits\/bonnettes-piano\/kit-cablage-ms-pour-piano-cmit-ccm8\/","title":{"rendered":"Kit C\u00e2blage MS pour Piano , CMIT + CCM8"},"content":{"rendered":"<p>Ensemble de c\u00e2bles et accessoires pour transformer une PIANO MONO (simple axe de rotation) en une PIANO MS (PIA-2S) (simple axe de rotation)<\/p>\n<p>Si le choix se porte sur une PIANO MS (PIA-2D), avec double axe de rotation, il faudra le pr\u00e9ciser lors de l&rsquo;achat car le c\u00e2ble de sortie n&rsquo;est pas de la m\u00eame longueur et la prise XLR5M est \u00e9galement diff\u00e9rente.<\/p>\n<p>Il faudra \u00e9galement changer l&rsquo;axe du PIANO (PIA-HILT-2) et l&#8217;embase de rotule (Z-SW-BASE)<\/p>\n","protected":false},"excerpt":{"rendered":"Ensemble de c\u00e2bles et accessoires pour transformer une PIANO MONO (simple axe de rotation) en une PIANO MS (PIA-2S) (simple axe de rotation) Si le choix se porte sur une PIANO MS (PIA-2D), avec double axe de rotation, il faudra le pr\u00e9ciser lors de l&rsquo;achat car le c\u00e2ble de sortie n&rsquo;est pas de la m\u00eame [&hellip;]","protected":false},"featured_media":0,"template":"","meta":[],"product_brand":[],"product_cat":[143],"product_tag":[],"class_list":{"0":"post-14306","1":"product","2":"type-product","3":"status-publish","5":"product_cat-bonnettes-piano","7":"first","8":"instock","9":"shipping-taxable","10":"product-type-simple"},"_links":{"self":[{"href":"https:\/\/www.cinela.fr\/fr\/wp-json\/wp\/v2\/product\/14306","targetHints":{"allow":["GET"]}}],"collection":[{"href":"https:\/\/www.cinela.fr\/fr\/wp-json\/wp\/v2\/product"}],"about":[{"href":"https:\/\/www.cinela.fr\/fr\/wp-json\/wp\/v2\/types\/product"}],"wp:attachment":[{"href":"https:\/\/www.cinela.fr\/fr\/wp-json\/wp\/v2\/media?parent=14306"}],"wp:term":[{"taxonomy":"product_brand","embeddable":true,"href":"https:\/\/www.cinela.fr\/fr\/wp-json\/wp\/v2\/product_brand?post=14306"},{"taxonomy":"product_cat","embeddable":true,"href":"https:\/\/www.cinela.fr\/fr\/wp-json\/wp\/v2\/product_cat?post=14306"},{"taxonomy":"product_tag","embeddable":true,"href":"https:\/\/www.cinela.fr\/fr\/wp-json\/wp\/v2\/product_tag?post=14306"}],"curies":[{"name":"wp","href":"https:\/\/api.w.org\/{rel}","templated":true}]}}