{"id":14328,"date":"2023-06-06T20:01:52","date_gmt":"2023-06-06T18:01:52","guid":{"rendered":"https:\/\/www.cinela.fr\/gammes-de-produits\/non class\u00e9\/support-micro-pour-cosi-pour-mkh40-50\/"},"modified":"2023-06-06T20:01:52","modified_gmt":"2023-06-06T18:01:52","slug":"support-micro-pour-cosi-pour-mkh40-50","status":"publish","type":"product","link":"https:\/\/www.cinela.fr\/fr\/gammes-de-produits\/cosi-3\/support-micro-pour-cosi-pour-mkh40-50\/","title":{"rendered":"Support micro pour COSI, pour MKH40\/50"},"content":{"rendered":"<p>HOLDER pour COSI, d\u00e9di\u00e9 au Micro Sennheiser MKH40\/50.<br \/>\nCe holder fait partie de la COSI compl\u00e8te de r\u00e9f\u00e9rence COSI-L-MKH50, mais peut \u00e9galement \u00eatre adapt\u00e9e \u00e0 n&rsquo;importe quelle COSI-L (pour MiniCMIT, 4017C, CMC6 ou 8060).<\/p>\n","protected":false},"excerpt":{"rendered":"HOLDER pour COSI, d\u00e9di\u00e9 au Micro Sennheiser MKH40\/50. Ce holder fait partie de la COSI compl\u00e8te de r\u00e9f\u00e9rence COSI-L-MKH50, mais peut \u00e9galement \u00eatre adapt\u00e9e \u00e0 n&rsquo;importe quelle COSI-L (pour MiniCMIT, 4017C, CMC6 ou 8060).","protected":false},"featured_media":0,"template":"","meta":[],"product_brand":[],"product_cat":[219],"product_tag":[],"class_list":{"0":"post-14328","1":"product","2":"type-product","3":"status-publish","5":"product_cat-cosi-3","7":"first","8":"instock","9":"shipping-taxable","10":"product-type-simple"},"_links":{"self":[{"href":"https:\/\/www.cinela.fr\/fr\/wp-json\/wp\/v2\/product\/14328","targetHints":{"allow":["GET"]}}],"collection":[{"href":"https:\/\/www.cinela.fr\/fr\/wp-json\/wp\/v2\/product"}],"about":[{"href":"https:\/\/www.cinela.fr\/fr\/wp-json\/wp\/v2\/types\/product"}],"wp:attachment":[{"href":"https:\/\/www.cinela.fr\/fr\/wp-json\/wp\/v2\/media?parent=14328"}],"wp:term":[{"taxonomy":"product_brand","embeddable":true,"href":"https:\/\/www.cinela.fr\/fr\/wp-json\/wp\/v2\/product_brand?post=14328"},{"taxonomy":"product_cat","embeddable":true,"href":"https:\/\/www.cinela.fr\/fr\/wp-json\/wp\/v2\/product_cat?post=14328"},{"taxonomy":"product_tag","embeddable":true,"href":"https:\/\/www.cinela.fr\/fr\/wp-json\/wp\/v2\/product_tag?post=14328"}],"curies":[{"name":"wp","href":"https:\/\/api.w.org\/{rel}","templated":true}]}}