{"id":14418,"date":"2024-04-19T11:43:15","date_gmt":"2024-04-19T09:43:15","guid":{"rendered":"https:\/\/www.cinela.fr\/gammes-de-produits\/non class\u00e9\/suspension-pour-couple-ortf-schoeps-ccm4-cmc1l\/"},"modified":"2024-04-19T11:43:15","modified_gmt":"2024-04-19T09:43:15","slug":"suspension-pour-couple-ortf-schoeps-ccm4-cmc1l","status":"publish","type":"product","link":"https:\/\/www.cinela.fr\/fr\/gammes-de-produits\/suspensions-gamme-classique-osix\/suspension-pour-couple-ortf-schoeps-ccm4-cmc1l\/","title":{"rendered":"Suspension pour couple ORTF Schoeps CCM4 \/ CMC1L"},"content":{"rendered":"<p>Suspension permettant de visser directement les micros cardio\u00efdes (Lemo) CCM 4 ou  CMC1L +MK4  ( mais PAS les CCM41 et CMC1L+MK41 Hyper) . La rotule st\u00e9r\u00e9o deux axes permet une orientation totale du couple.<\/p>\n<p>Association parfaite avec deux LEO-20 (Avec ou sans fourrure)<\/p>\n<p>Toutes les bonnettes Schoeps sont utilisables, y compris la version \u00e0 poils W 20 R1<\/p>\n","protected":false},"excerpt":{"rendered":"Suspension permettant de visser directement les micros cardio\u00efdes (Lemo) CCM 4 ou CMC1L +MK4 ( mais PAS les CCM41 et CMC1L+MK41 Hyper) . La rotule st\u00e9r\u00e9o deux axes permet une orientation totale du couple. Association parfaite avec deux LEO-20 (Avec ou sans fourrure) Toutes les bonnettes Schoeps sont utilisables, y compris la version \u00e0 poils [&hellip;]","protected":false},"featured_media":0,"template":"","meta":[],"product_brand":[],"product_cat":[139],"product_tag":[],"class_list":{"0":"post-14418","1":"product","2":"type-product","3":"status-publish","5":"product_cat-suspensions-gamme-classique-osix","7":"first","8":"instock","9":"shipping-taxable","10":"product-type-simple"},"_links":{"self":[{"href":"https:\/\/www.cinela.fr\/fr\/wp-json\/wp\/v2\/product\/14418","targetHints":{"allow":["GET"]}}],"collection":[{"href":"https:\/\/www.cinela.fr\/fr\/wp-json\/wp\/v2\/product"}],"about":[{"href":"https:\/\/www.cinela.fr\/fr\/wp-json\/wp\/v2\/types\/product"}],"wp:attachment":[{"href":"https:\/\/www.cinela.fr\/fr\/wp-json\/wp\/v2\/media?parent=14418"}],"wp:term":[{"taxonomy":"product_brand","embeddable":true,"href":"https:\/\/www.cinela.fr\/fr\/wp-json\/wp\/v2\/product_brand?post=14418"},{"taxonomy":"product_cat","embeddable":true,"href":"https:\/\/www.cinela.fr\/fr\/wp-json\/wp\/v2\/product_cat?post=14418"},{"taxonomy":"product_tag","embeddable":true,"href":"https:\/\/www.cinela.fr\/fr\/wp-json\/wp\/v2\/product_tag?post=14418"}],"curies":[{"name":"wp","href":"https:\/\/api.w.org\/{rel}","templated":true}]}}