{"id":14424,"date":"2024-06-10T16:45:43","date_gmt":"2024-06-10T14:45:43","guid":{"rendered":"https:\/\/www.cinela.fr\/gammes-de-produits\/non%20class\u00e9\/cosi-cage-longue-diam-micro-20-20mm-cmd42\/"},"modified":"2026-02-21T22:27:47","modified_gmt":"2026-02-21T21:27:47","slug":"cosi-cage-longue-diam-micro-20-20mm-cmd42","status":"publish","type":"product","link":"https:\/\/www.cinela.fr\/fr\/gammes-de-produits\/cosi-3\/cosi-cage-longue-diam-micro-20-20mm-cmd42\/","title":{"rendered":"COSI, Cage longue, diam. micro 20-20mm (CMD42+MK, CMC1U+KMIT ou ECM778)"},"content":{"rendered":"<p>Bonnette de la gamme COSI. Cage longue et Holder 20-20. Particuli\u00e8rement adapt\u00e9e aux micros:<\/p>\n<ul>\n<li>Schoeps CMD42 (num\u00e9rique) + Capsule MK (not KMIT)<\/li>\n<li>Schoeps CMC1U + KMIT (analogique)<\/li>\n<li>Sony ECM-778 (autre r\u00e9f\u00e9rence possible: COSI-XL-20-20 pour un l\u00e9ger gain de performance au vent)<\/li>\n<\/ul>\n<p>Il est \u00e9galement possible d&rsquo;adapter ces micros  \u00e0 n&rsquo;importe quelle COSI de taille L en ne commandant que le holder adapt\u00e9: COSI-HLD-20-20. Diam\u00e8tre avant = diam\u00e8tre arri\u00e8re = 20mm.<\/p>\n<p>Attention: le c\u00e2ble fourni n&rsquo;est pas sp\u00e9cifique AES\/EBU (110 ohms) mais cela ne pose aucun probl\u00e8me pour une liaison num\u00e9rique de \u00ab\u00a0courte\u00a0\u00bb distance.<\/p>\n","protected":false},"excerpt":{"rendered":"Bonnette de la gamme COSI. Cage longue et Holder 20-20. Particuli\u00e8rement adapt\u00e9e aux micros: Schoeps CMD42 (num\u00e9rique) + Capsule MK (not KMIT) Schoeps CMC1U + KMIT (analogique) Sony ECM-778 (autre r\u00e9f\u00e9rence possible: COSI-XL-20-20 pour un l\u00e9ger gain de performance au vent) Il est \u00e9galement possible d&rsquo;adapter ces micros \u00e0 n&rsquo;importe quelle COSI de taille L [&hellip;]","protected":false},"featured_media":0,"template":"","meta":[],"product_brand":[],"product_cat":[219],"product_tag":[],"class_list":{"0":"post-14424","1":"product","2":"type-product","3":"status-publish","5":"product_cat-cosi-3","7":"first","8":"instock","9":"shipping-taxable","10":"product-type-simple"},"_links":{"self":[{"href":"https:\/\/www.cinela.fr\/fr\/wp-json\/wp\/v2\/product\/14424","targetHints":{"allow":["GET"]}}],"collection":[{"href":"https:\/\/www.cinela.fr\/fr\/wp-json\/wp\/v2\/product"}],"about":[{"href":"https:\/\/www.cinela.fr\/fr\/wp-json\/wp\/v2\/types\/product"}],"wp:attachment":[{"href":"https:\/\/www.cinela.fr\/fr\/wp-json\/wp\/v2\/media?parent=14424"}],"wp:term":[{"taxonomy":"product_brand","embeddable":true,"href":"https:\/\/www.cinela.fr\/fr\/wp-json\/wp\/v2\/product_brand?post=14424"},{"taxonomy":"product_cat","embeddable":true,"href":"https:\/\/www.cinela.fr\/fr\/wp-json\/wp\/v2\/product_cat?post=14424"},{"taxonomy":"product_tag","embeddable":true,"href":"https:\/\/www.cinela.fr\/fr\/wp-json\/wp\/v2\/product_tag?post=14424"}],"curies":[{"name":"wp","href":"https:\/\/api.w.org\/{rel}","templated":true}]}}