{"id":14437,"date":"2024-09-23T11:41:54","date_gmt":"2024-09-23T09:41:54","guid":{"rendered":"https:\/\/www.cinela.fr\/gammes-de-produits\/non%20class\u00e9\/pianissimo-xlr5-8030-8060-fur-xx\/"},"modified":"2025-10-12T20:44:11","modified_gmt":"2025-10-12T18:44:11","slug":"pianissimo-xlr5-8030-8060-fur-xx","status":"publish","type":"product","link":"https:\/\/www.cinela.fr\/fr\/gammes-de-produits\/bonnettes-pianissimo\/pianissimo-xlr5-8030-8060-fur-xx\/","title":{"rendered":"PIANISSIMO XLR5 (8030\/8060, Fur-xx)"},"content":{"rendered":"<p>Bonnette PIANISSIMO adapt\u00e9e au couple MS Sennheiser MKH 8030\/8060.<br \/>\nSuspension compl\u00e8tement repens\u00e9e et optimis\u00e9e compte tenu de la grande sensibilit\u00e9 du 8030 aux (tr\u00e8s) basses fr\u00e9quences.<\/p>\n<p>Le 8030 est directement reli\u00e9 par le connecteur MZL (Module MZX d\u00e9viss\u00e9). L&rsquo;usage d&rsquo;un filtre MZF II (70Hz, +18dB\/oct) est FORTEMENT recommand\u00e9 pour le 8030. Dans certains cas, Il peut m\u00eame \u00eatre n\u00e9cessaire de compl\u00e9ter par un fitrage plus doux et plus haut en fr\u00e9quence, selon le niveau souhait\u00e9 de protection aux bruits de manipulation.<\/p>\n<p>Le 8060 est reli\u00e9 par le connecteur XLR (Module MZX viss\u00e9). Pas de possibilit\u00e9 de monter le filtre MZF. Il est \u00e0 noter que le 8060 poss\u00e8de d\u00e9j\u00e0 un filtrage \u00ab\u00a0anti-rumble\u00a0\u00bb int\u00e9gr\u00e9.<\/p>\n<p>Rotule deux axes \u00ab\u00a0SW-2AX\u00a0\u00bb en standard. Voir la vid\u00e9o:<br \/>\n<a href=\"https:\/\/www.youtube.com\/watch?v=-wrzcO3qjbc\">https:\/\/www.youtube.com\/watch?v=-wrzcO3qjbc<\/a><\/p>\n<p>Sortie XLR5M standard.<\/p>\n<ol>\n<li>Masse<br \/>\n2\/3: +\/- M<br \/>\n4\/5: +\/- S<\/li>\n<\/ol>\n","protected":false},"excerpt":{"rendered":"Bonnette PIANISSIMO adapt\u00e9e au couple MS Sennheiser MKH 8030\/8060. Suspension compl\u00e8tement repens\u00e9e et optimis\u00e9e compte tenu de la grande sensibilit\u00e9 du 8030 aux (tr\u00e8s) basses fr\u00e9quences. Le 8030 est directement reli\u00e9 par le connecteur MZL (Module MZX d\u00e9viss\u00e9). L&rsquo;usage d&rsquo;un filtre MZF II (70Hz, +18dB\/oct) est FORTEMENT recommand\u00e9 pour le 8030. Dans certains cas, Il [&hellip;]","protected":false},"featured_media":0,"template":"","meta":[],"product_brand":[],"product_cat":[141],"product_tag":[],"class_list":{"0":"post-14437","1":"product","2":"type-product","3":"status-publish","5":"product_cat-bonnettes-pianissimo","7":"first","8":"instock","9":"shipping-taxable","10":"product-type-simple"},"_links":{"self":[{"href":"https:\/\/www.cinela.fr\/fr\/wp-json\/wp\/v2\/product\/14437","targetHints":{"allow":["GET"]}}],"collection":[{"href":"https:\/\/www.cinela.fr\/fr\/wp-json\/wp\/v2\/product"}],"about":[{"href":"https:\/\/www.cinela.fr\/fr\/wp-json\/wp\/v2\/types\/product"}],"wp:attachment":[{"href":"https:\/\/www.cinela.fr\/fr\/wp-json\/wp\/v2\/media?parent=14437"}],"wp:term":[{"taxonomy":"product_brand","embeddable":true,"href":"https:\/\/www.cinela.fr\/fr\/wp-json\/wp\/v2\/product_brand?post=14437"},{"taxonomy":"product_cat","embeddable":true,"href":"https:\/\/www.cinela.fr\/fr\/wp-json\/wp\/v2\/product_cat?post=14437"},{"taxonomy":"product_tag","embeddable":true,"href":"https:\/\/www.cinela.fr\/fr\/wp-json\/wp\/v2\/product_tag?post=14437"}],"curies":[{"name":"wp","href":"https:\/\/api.w.org\/{rel}","templated":true}]}}