{"id":14485,"date":"2025-04-22T16:33:56","date_gmt":"2025-04-22T14:33:56","guid":{"rendered":"https:\/\/www.cinela.fr\/gammes-de-produits\/non class\u00e9\/cable-pour-cosi-l-kmit-cmc1l-avec-piece-3d\/"},"modified":"2025-04-22T16:33:56","modified_gmt":"2025-04-22T14:33:56","slug":"cable-pour-cosi-l-kmit-cmc1l-avec-piece-3d","status":"publish","type":"product","link":"https:\/\/www.cinela.fr\/fr\/gammes-de-produits\/cosi-3\/cable-pour-cosi-l-kmit-cmc1l-avec-piece-3d\/","title":{"rendered":"C\u00e2ble pour COSI-L-KMIT-CMC1L (avec pi\u00e8ce 3D)"},"content":{"rendered":"<p>C\u00e2ble de rechange sp\u00e9cifique pour COSI-L \u00e9quip\u00e9e d&rsquo;un Schoeps KMIT + CMC1L (Connecteur Lemo)<\/p>\n","protected":false},"excerpt":{"rendered":"C\u00e2ble de rechange sp\u00e9cifique pour COSI-L \u00e9quip\u00e9e d&rsquo;un Schoeps KMIT + CMC1L (Connecteur Lemo)","protected":false},"featured_media":0,"template":"","meta":[],"product_brand":[],"product_cat":[219],"product_tag":[],"class_list":{"0":"post-14485","1":"product","2":"type-product","3":"status-publish","5":"product_cat-cosi-3","7":"first","8":"instock","9":"shipping-taxable","10":"product-type-simple"},"_links":{"self":[{"href":"https:\/\/www.cinela.fr\/fr\/wp-json\/wp\/v2\/product\/14485","targetHints":{"allow":["GET"]}}],"collection":[{"href":"https:\/\/www.cinela.fr\/fr\/wp-json\/wp\/v2\/product"}],"about":[{"href":"https:\/\/www.cinela.fr\/fr\/wp-json\/wp\/v2\/types\/product"}],"wp:attachment":[{"href":"https:\/\/www.cinela.fr\/fr\/wp-json\/wp\/v2\/media?parent=14485"}],"wp:term":[{"taxonomy":"product_brand","embeddable":true,"href":"https:\/\/www.cinela.fr\/fr\/wp-json\/wp\/v2\/product_brand?post=14485"},{"taxonomy":"product_cat","embeddable":true,"href":"https:\/\/www.cinela.fr\/fr\/wp-json\/wp\/v2\/product_cat?post=14485"},{"taxonomy":"product_tag","embeddable":true,"href":"https:\/\/www.cinela.fr\/fr\/wp-json\/wp\/v2\/product_tag?post=14485"}],"curies":[{"name":"wp","href":"https:\/\/api.w.org\/{rel}","templated":true}]}}