{"id":14487,"date":"2025-04-22T23:21:03","date_gmt":"2025-04-22T21:21:03","guid":{"rendered":"https:\/\/www.cinela.fr\/gammes-de-produits\/non class\u00e9\/cosi-cage-longue-diam-micro-20-20mm-cmc1l-kmit\/"},"modified":"2025-04-22T23:21:03","modified_gmt":"2025-04-22T21:21:03","slug":"cosi-cage-longue-diam-micro-20-20mm-cmc1l-kmit","status":"publish","type":"product","link":"https:\/\/www.cinela.fr\/fr\/gammes-de-produits\/cosi-3\/cosi-cage-longue-diam-micro-20-20mm-cmc1l-kmit\/","title":{"rendered":"COSI, Cage longue, diam. micro 20-20mm (CMC1L + KMIT)"},"content":{"rendered":"<p>Bonnette de la gamme COSI. Cage longue et Holder 20-20 (idem CMC1U).<\/p>\n<p>Sp\u00e9cifiquement adapt\u00e9e au microphone  Schoeps CMC1L (Connecteur LEMO) + Capsule KMIT<\/p>\n<p>Il est \u00e9galement possible d&rsquo;adapter ce micro  \u00e0 n&rsquo;importe quelle autre COSI de taille L en commandant:<\/p>\n<ul>\n<li>COSI-HLD-CMC1U. Diam\u00e8tre avant = diam\u00e8tre arri\u00e8re = 20mm.<\/li>\n<li>COSI-CAB-KMIT-CMC1L: c\u00e2ble adapt\u00e9 (Lemo + pi\u00e8ce 3D + XLR3M)<\/li>\n<\/ul>\n","protected":false},"excerpt":{"rendered":"Bonnette de la gamme COSI. Cage longue et Holder 20-20 (idem CMC1U). Sp\u00e9cifiquement adapt\u00e9e au microphone Schoeps CMC1L (Connecteur LEMO) + Capsule KMIT Il est \u00e9galement possible d&rsquo;adapter ce micro \u00e0 n&rsquo;importe quelle autre COSI de taille L en commandant: COSI-HLD-CMC1U. Diam\u00e8tre avant = diam\u00e8tre arri\u00e8re = 20mm. COSI-CAB-KMIT-CMC1L: c\u00e2ble adapt\u00e9 (Lemo + pi\u00e8ce 3D [&hellip;]","protected":false},"featured_media":0,"template":"","meta":[],"product_brand":[],"product_cat":[219],"product_tag":[],"class_list":{"0":"post-14487","1":"product","2":"type-product","3":"status-publish","5":"product_cat-cosi-3","7":"first","8":"instock","9":"shipping-taxable","10":"product-type-simple"},"_links":{"self":[{"href":"https:\/\/www.cinela.fr\/fr\/wp-json\/wp\/v2\/product\/14487","targetHints":{"allow":["GET"]}}],"collection":[{"href":"https:\/\/www.cinela.fr\/fr\/wp-json\/wp\/v2\/product"}],"about":[{"href":"https:\/\/www.cinela.fr\/fr\/wp-json\/wp\/v2\/types\/product"}],"wp:attachment":[{"href":"https:\/\/www.cinela.fr\/fr\/wp-json\/wp\/v2\/media?parent=14487"}],"wp:term":[{"taxonomy":"product_brand","embeddable":true,"href":"https:\/\/www.cinela.fr\/fr\/wp-json\/wp\/v2\/product_brand?post=14487"},{"taxonomy":"product_cat","embeddable":true,"href":"https:\/\/www.cinela.fr\/fr\/wp-json\/wp\/v2\/product_cat?post=14487"},{"taxonomy":"product_tag","embeddable":true,"href":"https:\/\/www.cinela.fr\/fr\/wp-json\/wp\/v2\/product_tag?post=14487"}],"curies":[{"name":"wp","href":"https:\/\/api.w.org\/{rel}","templated":true}]}}