{"id":14489,"date":"2025-04-22T23:21:03","date_gmt":"2025-04-22T21:21:03","guid":{"rendered":"https:\/\/www.cinela.fr\/gammes-de-produits\/non class\u00e9\/cosi-cage-longue-diam-micro-20-20mm-kmit-cmc6-cmd42\/"},"modified":"2025-04-23T15:10:20","modified_gmt":"2025-04-23T13:10:20","slug":"cosi-cage-longue-diam-micro-20-20mm-kmit-cmc6-cmd42","status":"publish","type":"product","link":"https:\/\/www.cinela.fr\/fr\/gammes-de-produits\/cosi-3\/cosi-cage-longue-diam-micro-20-20mm-kmit-cmc6-cmd42\/","title":{"rendered":"COSI, Cage longue, diam. micro 20-20mm (KMIT + CMC6\/CMD42)"},"content":{"rendered":"<p>Bonnette de la gamme COSI. Cage longue et Holder 20-20 modifi\u00e9 (usinage arri\u00e8re 20mm). Particuli\u00e8rement adapt\u00e9e aux micros:<\/p>\n<ul>\n<li>KMIT + Schoeps CMD42 (num\u00e9rique)<\/li>\n<li>KMIT + Schoeps CMC6<\/li>\n<\/ul>\n<p>Il est \u00e9galement possible d&rsquo;adapter ces micros  \u00e0 n&rsquo;importe quelle COSI de taille L en ne commandant que le holder adapt\u00e9: COSI-HLD-20-20 MODIFI\u00c9.<\/p>\n<p>A noter: le c\u00e2ble fourni n&rsquo;est pas de type AES\/EBU (110 ohms) mais ce n&rsquo;est pas un probl\u00e8me pour une transmission de signal num\u00e9rique sur une courte distance.<\/p>\n","protected":false},"excerpt":{"rendered":"Bonnette de la gamme COSI. Cage longue et Holder 20-20 modifi\u00e9 (usinage arri\u00e8re 20mm). Particuli\u00e8rement adapt\u00e9e aux micros: KMIT + Schoeps CMD42 (num\u00e9rique) KMIT + Schoeps CMC6 Il est \u00e9galement possible d&rsquo;adapter ces micros \u00e0 n&rsquo;importe quelle COSI de taille L en ne commandant que le holder adapt\u00e9: COSI-HLD-20-20 MODIFI\u00c9. A noter: le c\u00e2ble fourni [&hellip;]","protected":false},"featured_media":0,"template":"","meta":[],"product_brand":[],"product_cat":[219],"product_tag":[],"class_list":{"0":"post-14489","1":"product","2":"type-product","3":"status-publish","5":"product_cat-cosi-3","7":"first","8":"instock","9":"shipping-taxable","10":"product-type-simple"},"_links":{"self":[{"href":"https:\/\/www.cinela.fr\/fr\/wp-json\/wp\/v2\/product\/14489","targetHints":{"allow":["GET"]}}],"collection":[{"href":"https:\/\/www.cinela.fr\/fr\/wp-json\/wp\/v2\/product"}],"about":[{"href":"https:\/\/www.cinela.fr\/fr\/wp-json\/wp\/v2\/types\/product"}],"wp:attachment":[{"href":"https:\/\/www.cinela.fr\/fr\/wp-json\/wp\/v2\/media?parent=14489"}],"wp:term":[{"taxonomy":"product_brand","embeddable":true,"href":"https:\/\/www.cinela.fr\/fr\/wp-json\/wp\/v2\/product_brand?post=14489"},{"taxonomy":"product_cat","embeddable":true,"href":"https:\/\/www.cinela.fr\/fr\/wp-json\/wp\/v2\/product_cat?post=14489"},{"taxonomy":"product_tag","embeddable":true,"href":"https:\/\/www.cinela.fr\/fr\/wp-json\/wp\/v2\/product_tag?post=14489"}],"curies":[{"name":"wp","href":"https:\/\/api.w.org\/{rel}","templated":true}]}}