{"id":14495,"date":"2025-04-23T15:10:21","date_gmt":"2025-04-23T13:10:21","guid":{"rendered":"https:\/\/www.cinela.fr\/gammes-de-produits\/non%20class\u00e9\/bonnette-pianissimo-pour-schoeps-kmit-cmc1-l-lemo\/"},"modified":"2025-10-12T20:44:11","modified_gmt":"2025-10-12T18:44:11","slug":"bonnette-pianissimo-pour-schoeps-kmit-cmc1-l-lemo","status":"publish","type":"product","link":"https:\/\/www.cinela.fr\/fr\/gammes-de-produits\/bonnettes-pianissimo\/bonnette-pianissimo-pour-schoeps-kmit-cmc1-l-lemo\/","title":{"rendered":"Bonnette PIANISSIMO pour Schoeps KMIT + CMC1-L (Lemo)"},"content":{"rendered":"<p>Bonnette anti-vent sp\u00e9cifique pour microphone Schoeps KMIT + CMC1-L (Lemo) in MONO<\/p>\n<ul>\n<li>Cage principale<\/li>\n<li>Un module de suspension adapt\u00e9 KMIT + CMC1L<\/li>\n<li>Tissu primaire 3D<\/li>\n<li>Fourrure: \u00e0 pr\u00e9ciser (LP poils longs, SP poils courts). Couleur Noir (B), Gris (G) ou Noir\/Gris (B\/G).<\/li>\n<li>Coque de protection transparente et incassable (PIANI-SHELL)<\/li>\n<\/ul>\n<p>Rotule deux axes \u00ab\u00a0SW-2AX\u00a0\u00bb en standard. Voir la vid\u00e9o:<br \/>\n<a href=\"https:\/\/www.youtube.com\/watch?v=-wrzcO3qjbc\">https:\/\/www.youtube.com\/watch?v=-wrzcO3qjbc<\/a><\/p>\n<p>Poids: 325grammes avec Module Suspension et tissu primaire 3D (sans fourrure).<br \/>\nTaille: Longueur 32cm, Diam\u00e8tre max 16 x 14cm<\/p>\n<p>SUR DEMANDE: il est possible de pr\u00e9voir un support Binder interm\u00e9diaire afin de pouvoir interchanger le c\u00e2ble et le module de suspension (autres micros).<\/p>\n<p>Evolution possible en MS (PIANI-2) ou Double MS (PIANI-3). Contactez-nous !<\/p>\n","protected":false},"excerpt":{"rendered":"Bonnette anti-vent sp\u00e9cifique pour microphone Schoeps KMIT + CMC1-L (Lemo) in MONO Cage principale Un module de suspension adapt\u00e9 KMIT + CMC1L Tissu primaire 3D Fourrure: \u00e0 pr\u00e9ciser (LP poils longs, SP poils courts). Couleur Noir (B), Gris (G) ou Noir\/Gris (B\/G). Coque de protection transparente et incassable (PIANI-SHELL) Rotule deux axes \u00ab\u00a0SW-2AX\u00a0\u00bb en standard. [&hellip;]","protected":false},"featured_media":0,"template":"","meta":[],"product_brand":[],"product_cat":[141],"product_tag":[],"class_list":{"0":"post-14495","1":"product","2":"type-product","3":"status-publish","5":"product_cat-bonnettes-pianissimo","7":"first","8":"instock","9":"shipping-taxable","10":"product-type-simple"},"_links":{"self":[{"href":"https:\/\/www.cinela.fr\/fr\/wp-json\/wp\/v2\/product\/14495","targetHints":{"allow":["GET"]}}],"collection":[{"href":"https:\/\/www.cinela.fr\/fr\/wp-json\/wp\/v2\/product"}],"about":[{"href":"https:\/\/www.cinela.fr\/fr\/wp-json\/wp\/v2\/types\/product"}],"wp:attachment":[{"href":"https:\/\/www.cinela.fr\/fr\/wp-json\/wp\/v2\/media?parent=14495"}],"wp:term":[{"taxonomy":"product_brand","embeddable":true,"href":"https:\/\/www.cinela.fr\/fr\/wp-json\/wp\/v2\/product_brand?post=14495"},{"taxonomy":"product_cat","embeddable":true,"href":"https:\/\/www.cinela.fr\/fr\/wp-json\/wp\/v2\/product_cat?post=14495"},{"taxonomy":"product_tag","embeddable":true,"href":"https:\/\/www.cinela.fr\/fr\/wp-json\/wp\/v2\/product_tag?post=14495"}],"curies":[{"name":"wp","href":"https:\/\/api.w.org\/{rel}","templated":true}]}}