{"id":14497,"date":"2025-04-23T15:10:22","date_gmt":"2025-04-23T13:10:22","guid":{"rendered":"https:\/\/www.cinela.fr\/gammes-de-produits\/non%20class\u00e9\/bonnette-pianissimo-ms-pour-schoeps-kmit-2x-cmc1u-xlr\/"},"modified":"2025-10-12T20:44:11","modified_gmt":"2025-10-12T18:44:11","slug":"bonnette-pianissimo-ms-pour-schoeps-kmit-2x-cmc1u-xlr","status":"publish","type":"product","link":"https:\/\/www.cinela.fr\/fr\/gammes-de-produits\/bonnettes-pianissimo\/bonnette-pianissimo-ms-pour-schoeps-kmit-2x-cmc1u-xlr\/","title":{"rendered":"Bonnette PIANISSIMO MS pour Schoeps KMIT + 2x CMC1U (XLR)"},"content":{"rendered":"<p>Bonnette anti-vent pour couple MS Schoeps KMIT + 2x CMC1U (XLR)<\/p>\n<p>La R\u00e9f\u00e9rence PIANI-2-KMIT-CMC1U est compos\u00e9e de:<\/p>\n<ul>\n<li>Cage principale et rotule deux axes<\/li>\n<li>Module Suspension MS  d\u00e9di\u00e9e (DEUX corps CMC1 U en XLR)<\/li>\n<li>Support 2 x Binder d\u00e9tachables<\/li>\n<li>Sortie XLR5M<\/li>\n<li>Tissu primaire 3D<\/li>\n<li>Fourrure: \u00e0 pr\u00e9ciser (FUR-LP: poils longs; FUR-SP: poils courts). Noir, Gris ou Noir\/Gris<\/li>\n<li>Coque de protection polycarbonate<\/li>\n<\/ul>\n<p>Rotule deux axes \u00ab\u00a0SW-2AX\u00a0\u00bb en standard. Voir la vid\u00e9o:<br \/>\n<a href=\"https:\/\/www.youtube.com\/watch?v=-wrzcO3qjbc\">https:\/\/www.youtube.com\/watch?v=-wrzcO3qjbc<\/a><\/p>\n<p>NOTE: il existe aussi une version pour corps Lemo CMC1L (PIANI-2-KMIT-CMC1L) mais il est tout \u00e0 fait possible (sur demande) de combiner un corps CMC1U (XLR) et un CMC1L (Lemo)<\/p>\n<p>Nombreuses adaptations possible (Mono, MS, XY&#8230;) selon micros utilis\u00e9s avec modules suspensions et c\u00e2blages appropri\u00e9s.<\/p>\n<p>Poids: 335grammes avec Module Suspension et tissu primaire 3D (sans fourrure).<br \/>\nTaille: Longueur 32cm, Diam\u00e8tre max 16 x 14cm<\/p>\n<p>Evolution possible en XLR7 avec les kits PIANI-CAB-3<\/p>\n","protected":false},"excerpt":{"rendered":"Bonnette anti-vent pour couple MS Schoeps KMIT + 2x CMC1U (XLR) La R\u00e9f\u00e9rence PIANI-2-KMIT-CMC1U est compos\u00e9e de: Cage principale et rotule deux axes Module Suspension MS d\u00e9di\u00e9e (DEUX corps CMC1 U en XLR) Support 2 x Binder d\u00e9tachables Sortie XLR5M Tissu primaire 3D Fourrure: \u00e0 pr\u00e9ciser (FUR-LP: poils longs; FUR-SP: poils courts). Noir, Gris ou [&hellip;]","protected":false},"featured_media":0,"template":"","meta":[],"product_brand":[],"product_cat":[141],"product_tag":[],"class_list":{"0":"post-14497","1":"product","2":"type-product","3":"status-publish","5":"product_cat-bonnettes-pianissimo","7":"first","8":"instock","9":"shipping-taxable","10":"product-type-simple"},"_links":{"self":[{"href":"https:\/\/www.cinela.fr\/fr\/wp-json\/wp\/v2\/product\/14497","targetHints":{"allow":["GET"]}}],"collection":[{"href":"https:\/\/www.cinela.fr\/fr\/wp-json\/wp\/v2\/product"}],"about":[{"href":"https:\/\/www.cinela.fr\/fr\/wp-json\/wp\/v2\/types\/product"}],"wp:attachment":[{"href":"https:\/\/www.cinela.fr\/fr\/wp-json\/wp\/v2\/media?parent=14497"}],"wp:term":[{"taxonomy":"product_brand","embeddable":true,"href":"https:\/\/www.cinela.fr\/fr\/wp-json\/wp\/v2\/product_brand?post=14497"},{"taxonomy":"product_cat","embeddable":true,"href":"https:\/\/www.cinela.fr\/fr\/wp-json\/wp\/v2\/product_cat?post=14497"},{"taxonomy":"product_tag","embeddable":true,"href":"https:\/\/www.cinela.fr\/fr\/wp-json\/wp\/v2\/product_tag?post=14497"}],"curies":[{"name":"wp","href":"https:\/\/api.w.org\/{rel}","templated":true}]}}