{"id":14501,"date":"2025-04-23T15:10:23","date_gmt":"2025-04-23T13:10:23","guid":{"rendered":"https:\/\/www.cinela.fr\/gammes-de-produits\/non%20class\u00e9\/pianissimo-dms-schoeps-kmit-2x-cmc1u-cmc1l\/"},"modified":"2025-10-12T20:44:12","modified_gmt":"2025-10-12T18:44:12","slug":"pianissimo-dms-schoeps-kmit-2x-cmc1u-cmc1l","status":"publish","type":"product","link":"https:\/\/www.cinela.fr\/fr\/gammes-de-produits\/bonnettes-pianissimo\/pianissimo-dms-schoeps-kmit-2x-cmc1u-cmc1l\/","title":{"rendered":"PIANISSIMO DMS  (Schoeps KMIT,  2x CMC1U &amp; CMC1L)"},"content":{"rendered":"<p>Bonnette anti-vent pour couple DMS Schoeps KMIT + 2x CMC1U (XLR) &amp; 1x CMC1L (Lemo)<\/p>\n<p>La R\u00e9f\u00e9rence PIANI-3-KMIT-UUL est compos\u00e9e de:<\/p>\n<ul>\n<li>Cage principale et rotule deux axes<\/li>\n<li>Module Suspension DMS  d\u00e9di\u00e9e:\n<ul>\n<li>KMIT + CMC1U (XLR)<\/li>\n<li>MK8 + CMC1U (XLR)<\/li>\n<li>MK4 + CMC1L (Lemo) ou CCM8<\/li>\n<\/ul>\n<\/li>\n<li>Support 3 x Binder d\u00e9tachables<\/li>\n<li>Sortie XLR7M<\/li>\n<li>Tissu primaire 3D<\/li>\n<li>Fourrure: \u00e0 pr\u00e9ciser (FUR-LP: poils longs; FUR-SP: poils courts). Noir, Gris ou Noir\/Gris<\/li>\n<li>Coque de protection polycarbonate<\/li>\n<\/ul>\n<p>Rotule deux axes \u00ab\u00a0SW-2AX\u00a0\u00bb en standard. Voir la vid\u00e9o:<br \/>\n<a href=\"https:\/\/www.youtube.com\/watch?v=-wrzcO3qjbc\">https:\/\/www.youtube.com\/watch?v=-wrzcO3qjbc<\/a><\/p>\n<p>NOTE: il existe aussi une version pour TROIS corps Lemo CMC1L (PIANI-3-KMIT-LLL) mais il est tout \u00e0 fait possible (sur demande) de combiner un corps CMC1U (XLR FRONT) et deux CMC1L (Lemo SIDE &amp; REAR). Il est par contre difficile de combiner trois corps XLR.<\/p>\n<p>Nombreuses adaptations possible (Mono, MS, XY&#8230;) selon micros utilis\u00e9s avec modules suspensions et c\u00e2blages appropri\u00e9s.<\/p>\n","protected":false},"excerpt":{"rendered":"Bonnette anti-vent pour couple DMS Schoeps KMIT + 2x CMC1U (XLR) &amp; 1x CMC1L (Lemo) La R\u00e9f\u00e9rence PIANI-3-KMIT-UUL est compos\u00e9e de: Cage principale et rotule deux axes Module Suspension DMS d\u00e9di\u00e9e: KMIT + CMC1U (XLR) MK8 + CMC1U (XLR) MK4 + CMC1L (Lemo) ou CCM8 Support 3 x Binder d\u00e9tachables Sortie XLR7M Tissu primaire 3D [&hellip;]","protected":false},"featured_media":0,"template":"","meta":[],"product_brand":[],"product_cat":[141],"product_tag":[],"class_list":{"0":"post-14501","1":"product","2":"type-product","3":"status-publish","5":"product_cat-bonnettes-pianissimo","7":"first","8":"instock","9":"shipping-taxable","10":"product-type-simple"},"_links":{"self":[{"href":"https:\/\/www.cinela.fr\/fr\/wp-json\/wp\/v2\/product\/14501","targetHints":{"allow":["GET"]}}],"collection":[{"href":"https:\/\/www.cinela.fr\/fr\/wp-json\/wp\/v2\/product"}],"about":[{"href":"https:\/\/www.cinela.fr\/fr\/wp-json\/wp\/v2\/types\/product"}],"wp:attachment":[{"href":"https:\/\/www.cinela.fr\/fr\/wp-json\/wp\/v2\/media?parent=14501"}],"wp:term":[{"taxonomy":"product_brand","embeddable":true,"href":"https:\/\/www.cinela.fr\/fr\/wp-json\/wp\/v2\/product_brand?post=14501"},{"taxonomy":"product_cat","embeddable":true,"href":"https:\/\/www.cinela.fr\/fr\/wp-json\/wp\/v2\/product_cat?post=14501"},{"taxonomy":"product_tag","embeddable":true,"href":"https:\/\/www.cinela.fr\/fr\/wp-json\/wp\/v2\/product_tag?post=14501"}],"curies":[{"name":"wp","href":"https:\/\/api.w.org\/{rel}","templated":true}]}}