{"id":14509,"date":"2025-04-29T23:31:25","date_gmt":"2025-04-29T21:31:25","guid":{"rendered":"https:\/\/www.cinela.fr\/gammes-de-produits\/non class\u00e9\/cosi-cage-xl-22mm-holder-reusine\/"},"modified":"2025-09-23T13:59:55","modified_gmt":"2025-09-23T11:59:55","slug":"cosi-cage-xl-22mm-holder-reusine","status":"publish","type":"product","link":"https:\/\/www.cinela.fr\/fr\/gammes-de-produits\/cosi-3\/cosi-cage-xl-22mm-holder-reusine\/","title":{"rendered":"COSI, Cage XL, 22mm holder r\u00e9usin\u00e9"},"content":{"rendered":"<p>COSI XL, d\u00e9di\u00e9e au micro SENNHEISER MKH8018 (MS).<br \/>\nCage Extra Longue et Holder 22mm dont la partie arri\u00e8re est r\u00e9usin\u00e9e au diam\u00e8tre du micro.<\/p>\n<p>Rotule double axe (utile en prise de son MS ou XY).<\/p>\n<p>Note: la partie arri\u00e8re du 8018 d\u00e9passe n\u00e9cessairement du holder (XLR non int\u00e9gr\u00e9e). Il faut donc positionner le micro manuellement, de sorte que les premi\u00e8re ou\u00efes soient tout juste align\u00e9es avec le rebord avant du holder.<\/p>\n<p>XLR 5 broches (femelle \/ m\u00e2le). Longueur standard.<\/p>\n<p>Adaptation sur cam\u00e9ra avec l&rsquo;accessoire CAM-ADAPT et c\u00e2ble appropri\u00e9 (sur demande).<\/p>\n","protected":false},"excerpt":{"rendered":"COSI XL, d\u00e9di\u00e9e au micro SENNHEISER MKH8018 (MS). Cage Extra Longue et Holder 22mm dont la partie arri\u00e8re est r\u00e9usin\u00e9e au diam\u00e8tre du micro. Rotule double axe (utile en prise de son MS ou XY). Note: la partie arri\u00e8re du 8018 d\u00e9passe n\u00e9cessairement du holder (XLR non int\u00e9gr\u00e9e). Il faut donc positionner le micro manuellement, [&hellip;]","protected":false},"featured_media":0,"template":"","meta":[],"product_brand":[],"product_cat":[219],"product_tag":[],"class_list":{"0":"post-14509","1":"product","2":"type-product","3":"status-publish","5":"product_cat-cosi-3","7":"first","8":"instock","9":"shipping-taxable","10":"product-type-simple"},"_links":{"self":[{"href":"https:\/\/www.cinela.fr\/fr\/wp-json\/wp\/v2\/product\/14509","targetHints":{"allow":["GET"]}}],"collection":[{"href":"https:\/\/www.cinela.fr\/fr\/wp-json\/wp\/v2\/product"}],"about":[{"href":"https:\/\/www.cinela.fr\/fr\/wp-json\/wp\/v2\/types\/product"}],"wp:attachment":[{"href":"https:\/\/www.cinela.fr\/fr\/wp-json\/wp\/v2\/media?parent=14509"}],"wp:term":[{"taxonomy":"product_brand","embeddable":true,"href":"https:\/\/www.cinela.fr\/fr\/wp-json\/wp\/v2\/product_brand?post=14509"},{"taxonomy":"product_cat","embeddable":true,"href":"https:\/\/www.cinela.fr\/fr\/wp-json\/wp\/v2\/product_cat?post=14509"},{"taxonomy":"product_tag","embeddable":true,"href":"https:\/\/www.cinela.fr\/fr\/wp-json\/wp\/v2\/product_tag?post=14509"}],"curies":[{"name":"wp","href":"https:\/\/api.w.org\/{rel}","templated":true}]}}