{"id":14521,"date":"2025-09-23T13:59:55","date_gmt":"2025-09-23T11:59:55","guid":{"rendered":"https:\/\/www.cinela.fr\/gammes-de-produits\/non class\u00e9\/suspension-ortf-pour-sennheiser-mkh8040\/"},"modified":"2025-09-23T13:59:55","modified_gmt":"2025-09-23T11:59:55","slug":"suspension-ortf-pour-sennheiser-mkh8040","status":"publish","type":"product","link":"https:\/\/www.cinela.fr\/fr\/gammes-de-produits\/suspensions-gamme-classique-osix\/suspension-ortf-pour-sennheiser-mkh8040\/","title":{"rendered":"Suspension ORTF pour Sennheiser MKH8040"},"content":{"rendered":"<p>Suspension \u00e0 trois isolateurs \u00ab\u00a0crois\u00e9s\u00a0\u00bb permettant de visser directement deux micros cardio\u00efdes MKH8040, sans  modules XLR (MZX), car elle est d\u00e9j\u00e0 c\u00e2bl\u00e9e en connectique MZL.<\/p>\n<p>La rotule st\u00e9r\u00e9o deux axes permet une orientation totale du couple.<\/p>\n<p>Association parfaite avec deux bonnettes anti-vent LEO-25 (avec ou sans fourrure)<\/p>\n<p>Note: il n&rsquo;est pas impossible d&rsquo;installer deux MKH8050\u2026mais ceux-ci \u00e9tant hypercardio\u00efdes, le couple ne peux pas \u00eatre qualifi\u00e9 de \u00ab\u00a0ORTF\u00a0\u00bb<\/p>\n","protected":false},"excerpt":{"rendered":"Suspension \u00e0 trois isolateurs \u00ab\u00a0crois\u00e9s\u00a0\u00bb permettant de visser directement deux micros cardio\u00efdes MKH8040, sans modules XLR (MZX), car elle est d\u00e9j\u00e0 c\u00e2bl\u00e9e en connectique MZL. La rotule st\u00e9r\u00e9o deux axes permet une orientation totale du couple. Association parfaite avec deux bonnettes anti-vent LEO-25 (avec ou sans fourrure) Note: il n&rsquo;est pas impossible d&rsquo;installer deux MKH8050\u2026mais [&hellip;]","protected":false},"featured_media":0,"template":"","meta":[],"product_brand":[],"product_cat":[139],"product_tag":[],"class_list":{"0":"post-14521","1":"product","2":"type-product","3":"status-publish","5":"product_cat-suspensions-gamme-classique-osix","7":"first","8":"instock","9":"shipping-taxable","10":"product-type-simple"},"_links":{"self":[{"href":"https:\/\/www.cinela.fr\/fr\/wp-json\/wp\/v2\/product\/14521","targetHints":{"allow":["GET"]}}],"collection":[{"href":"https:\/\/www.cinela.fr\/fr\/wp-json\/wp\/v2\/product"}],"about":[{"href":"https:\/\/www.cinela.fr\/fr\/wp-json\/wp\/v2\/types\/product"}],"wp:attachment":[{"href":"https:\/\/www.cinela.fr\/fr\/wp-json\/wp\/v2\/media?parent=14521"}],"wp:term":[{"taxonomy":"product_brand","embeddable":true,"href":"https:\/\/www.cinela.fr\/fr\/wp-json\/wp\/v2\/product_brand?post=14521"},{"taxonomy":"product_cat","embeddable":true,"href":"https:\/\/www.cinela.fr\/fr\/wp-json\/wp\/v2\/product_cat?post=14521"},{"taxonomy":"product_tag","embeddable":true,"href":"https:\/\/www.cinela.fr\/fr\/wp-json\/wp\/v2\/product_tag?post=14521"}],"curies":[{"name":"wp","href":"https:\/\/api.w.org\/{rel}","templated":true}]}}