{"id":14523,"date":"2025-09-23T13:59:55","date_gmt":"2025-09-23T11:59:55","guid":{"rendered":"https:\/\/www.cinela.fr\/gammes-de-produits\/non%20class\u00e9\/kit-rotule-2ax-pour-pianissimo\/"},"modified":"2025-10-26T23:24:05","modified_gmt":"2025-10-26T22:24:05","slug":"kit-rotule-2ax-pour-pianissimo","status":"publish","type":"product","link":"https:\/\/www.cinela.fr\/fr\/gammes-de-produits\/accessoires-autres\/kit-rotule-2ax-pour-pianissimo\/","title":{"rendered":"KIT Rotule \u00ab\u00a02AX\u00a0\u00bb pour PIANISSIMO"},"content":{"rendered":"<p>KIT de pi\u00e8ces pour une \u00e9volution compl\u00e8te de la rotule PIANISSIMO.<\/p>\n<p>Mod\u00e8le rotule crant\u00e9e sur les deux axes:<\/p>\n<ul>\n<li>L&rsquo;axe principal se lib\u00e8re normalement par desserrage habituel (minimal)<\/li>\n<li>Le deuxi\u00e8me axe (90\u00b0), \u00e0 usage plus occasionnel, se lib\u00e8re compl\u00e8tement par un desserrage suppl\u00e9mentaire de la molette unique. Tr\u00e8s utile en prise de son st\u00e9r\u00e9o ! Egalement utile en mono lors d&rsquo;un usage sur pied ou support \u00ab\u00a0fixe\u00a0\u00bb.<\/li>\n<\/ul>\n<p>Le kit comprends la rotule \u00ab\u00a02AX\u00a0\u00bb et une pi\u00e8ce n\u00e9cessaire au montage sur la PIANISSIMO.<\/p>\n<p>Vid\u00e9o de pr\u00e9sentation g\u00e9n\u00e9rale de la rotule 2AX:<br \/>\n<a href=\"https:\/\/youtu.be\/-wrzcO3qjbc\">https:\/\/youtu.be\/-wrzcO3qjbc<\/a><\/p>\n<p>Vid\u00e9o de proc\u00e9dure de mise \u00e0 niveau pour PIANI-1 (mono):<br \/>\n<a href=\"https:\/\/youtu.be\/bdvfTYobiUQ\">https:\/\/youtu.be\/bdvfTYobiUQ<\/a><\/p>\n<p>Pour toute PIANI-2 ou PIANI-3 (MS ou DMS), tirez simplement autant de c\u00e2ble que possible du c\u00f4t\u00e9 de la XLR m\u00e2le.<br \/>\nDans le cas o\u00f9 il subsisterait un risque d&rsquo;endommagement du c\u00e2ble lors du cumul des possibilit\u00e9s de rotations (boucle trop petite), vous pouvez condamner la rotation de l&#8217;embase XLR \u00e0 l&rsquo;aide des vis \u00ab\u00a0sans t\u00eate\u00a0\u00bb fournies dans le KIT (voir la proc\u00e9dure vid\u00e9o).<\/p>\n","protected":false},"excerpt":{"rendered":"KIT de pi\u00e8ces pour une \u00e9volution compl\u00e8te de la rotule PIANISSIMO. Mod\u00e8le rotule crant\u00e9e sur les deux axes: L&rsquo;axe principal se lib\u00e8re normalement par desserrage habituel (minimal) Le deuxi\u00e8me axe (90\u00b0), \u00e0 usage plus occasionnel, se lib\u00e8re compl\u00e8tement par un desserrage suppl\u00e9mentaire de la molette unique. Tr\u00e8s utile en prise de son st\u00e9r\u00e9o ! Egalement [&hellip;]","protected":false},"featured_media":0,"template":"","meta":[],"product_brand":[],"product_cat":[151],"product_tag":[],"class_list":{"0":"post-14523","1":"product","2":"type-product","3":"status-publish","5":"product_cat-accessoires-autres","7":"first","8":"instock","9":"shipping-taxable","10":"product-type-simple"},"_links":{"self":[{"href":"https:\/\/www.cinela.fr\/fr\/wp-json\/wp\/v2\/product\/14523","targetHints":{"allow":["GET"]}}],"collection":[{"href":"https:\/\/www.cinela.fr\/fr\/wp-json\/wp\/v2\/product"}],"about":[{"href":"https:\/\/www.cinela.fr\/fr\/wp-json\/wp\/v2\/types\/product"}],"wp:attachment":[{"href":"https:\/\/www.cinela.fr\/fr\/wp-json\/wp\/v2\/media?parent=14523"}],"wp:term":[{"taxonomy":"product_brand","embeddable":true,"href":"https:\/\/www.cinela.fr\/fr\/wp-json\/wp\/v2\/product_brand?post=14523"},{"taxonomy":"product_cat","embeddable":true,"href":"https:\/\/www.cinela.fr\/fr\/wp-json\/wp\/v2\/product_cat?post=14523"},{"taxonomy":"product_tag","embeddable":true,"href":"https:\/\/www.cinela.fr\/fr\/wp-json\/wp\/v2\/product_tag?post=14523"}],"curies":[{"name":"wp","href":"https:\/\/api.w.org\/{rel}","templated":true}]}}