{"id":14542,"date":"2026-02-21T22:27:47","date_gmt":"2026-02-21T21:27:47","guid":{"rendered":"https:\/\/www.cinela.fr\/gammes-de-produits\/non class\u00e9\/e-osix-pour-sony-ecm-778-8-1-00-r\/"},"modified":"2026-02-21T22:27:47","modified_gmt":"2026-02-21T21:27:47","slug":"e-osix-pour-sony-ecm-778-8-1-00-r","status":"publish","type":"product","link":"https:\/\/www.cinela.fr\/fr\/gammes-de-produits\/suspensions-a-isolateurs-elliptiques-e-osix\/e-osix-pour-sony-ecm-778-8-1-00-r\/","title":{"rendered":"E-OSIX pour SONY ECM-778 (8-1-00-R)"},"content":{"rendered":"<p>Suspension d\u00e9di\u00e9e au microphone SONY ECM-778.<br \/>\nBerceau n\u00b08<br \/>\nIsolateurs 1-00-R<br \/>\nCompatible avec l&rsquo;usage de la mousse et de la protection fourr\u00e9e fournie avec le micro.<\/p>\n<p>Pour un usage un usage accru en ext\u00e9rieur, voir \u00e9galement la COSI-L-20-20 (ou COSI-XL-20-20).<br \/>\nPour un usage \u00ab\u00a0Grand vent\u00a0\u00bb, voir \u00e9galement la Pianissimo: R\u00e9f\u00e9rence PIANI-1(ECM778, F-xx)<\/p>\n","protected":false},"excerpt":{"rendered":"Suspension d\u00e9di\u00e9e au microphone SONY ECM-778. Berceau n\u00b08 Isolateurs 1-00-R Compatible avec l&rsquo;usage de la mousse et de la protection fourr\u00e9e fournie avec le micro. Pour un usage un usage accru en ext\u00e9rieur, voir \u00e9galement la COSI-L-20-20 (ou COSI-XL-20-20). Pour un usage \u00ab\u00a0Grand vent\u00a0\u00bb, voir \u00e9galement la Pianissimo: R\u00e9f\u00e9rence PIANI-1(ECM778, F-xx)","protected":false},"featured_media":0,"template":"","meta":[],"product_brand":[],"product_cat":[137],"product_tag":[],"class_list":{"0":"post-14542","1":"product","2":"type-product","3":"status-publish","5":"product_cat-suspensions-a-isolateurs-elliptiques-e-osix","7":"first","8":"instock","9":"shipping-taxable","10":"product-type-simple"},"_links":{"self":[{"href":"https:\/\/www.cinela.fr\/fr\/wp-json\/wp\/v2\/product\/14542","targetHints":{"allow":["GET"]}}],"collection":[{"href":"https:\/\/www.cinela.fr\/fr\/wp-json\/wp\/v2\/product"}],"about":[{"href":"https:\/\/www.cinela.fr\/fr\/wp-json\/wp\/v2\/types\/product"}],"wp:attachment":[{"href":"https:\/\/www.cinela.fr\/fr\/wp-json\/wp\/v2\/media?parent=14542"}],"wp:term":[{"taxonomy":"product_brand","embeddable":true,"href":"https:\/\/www.cinela.fr\/fr\/wp-json\/wp\/v2\/product_brand?post=14542"},{"taxonomy":"product_cat","embeddable":true,"href":"https:\/\/www.cinela.fr\/fr\/wp-json\/wp\/v2\/product_cat?post=14542"},{"taxonomy":"product_tag","embeddable":true,"href":"https:\/\/www.cinela.fr\/fr\/wp-json\/wp\/v2\/product_tag?post=14542"}],"curies":[{"name":"wp","href":"https:\/\/api.w.org\/{rel}","templated":true}]}}